{"id":3,"date":"2021-04-08T16:21:44","date_gmt":"2021-04-08T16:21:44","guid":{"rendered":"https:\/\/appartamentipisa.com\/?page_id=3"},"modified":"2022-05-31T19:53:33","modified_gmt":"2022-05-31T17:53:33","slug":"privacy-policy","status":"publish","type":"page","link":"https:\/\/appartamentipisa.com\/en\/privacy-policy","title":{"rendered":"Privacy Policy"},"content":{"rendered":"<p>AppartamentiPisa soddisfa i requisiti stabiliti nella Legge 34\/2002 dell&#8217;11 luglio sui servizi della societ\u00e0 delle informazioni e il commercio elettronico e nel Regolamento (UE) 2016\/679 del Parlamento Europeo e del Consiglio del 27 aprile 2016, relativo alla protezione delle persone fisiche con riguardo al trattamento dei dati personali, nonch\u00e9 alla libera circolazione di tali dati, e a tal fine ha stilato questa avvertenza legale.<\/p>\n\n\n\n<p>Chiunque acceda a questo sito web si impegna a rispettare le presenti condizioni, nonch\u00e9 qualsiasi altra disposizione legale applicabile. La navigazione in questo sito web comporta la perfetta comprensione e l&#8217;esplicita accettazione da parte dell&#8217;utente delle presenti condizioni e delle eventuali successive modifiche.<\/p>\n\n\n\n<ul class=\"wp-block-list\"><li>Ragione Sociale: AppartamentiPisa<\/li><li>Titolare del sito: Juan Manuel Arias&nbsp;<\/li><li>Indirizzo: Via Paolo VI 9<\/li><li>CAP: 56124 Pisa<\/li><li>Citt\u00e0: Pisa,Italia<\/li><li>Partita IVA: 01824120495<\/li><li>Telefono: (+34) 3333592424<\/li><li>Email: appartamentipisa@gmail.com<\/li><\/ul>\n\n\n\n<p><strong>INFORMATIVA SULLA PRIVACY<\/strong><\/p>\n\n\n\n<p><strong>TRATTAMENTO DEI DATI PERSONALI<\/strong><\/p>\n\n\n\n<p>Il Titolare del sito manifesta la pi\u00f9 alta attenzione nei confronti della protezione dei dati personali, avendo adottato misure adeguate e necessarie alla tutela dei dati e alla conservazione degli stessi in virt\u00f9 dell\u2019applicazione della disciplina nazionale ed europea di riferimento e avendo esaminato ogni rischio connesso alle attivit\u00e0 sopra richiamate.<\/p>\n\n\n\n<p>L&#8217;accesso ad alcune sezioni del sito e\/o eventuali richieste di informazioni o di servizi da parte degli utenti del sito potranno essere subordinati all&#8217;inserimento di dati personali il cui trattamento da parte del Titolare del sito, quale Titolare del trattamento, avverr\u00e0 nel rispetto del Regolamento generale sulla protezione dei dati (Regolamento UE 2016\/679) e della normativa nazionale vigente in materia cui il Titolare del sito si \u00e8 sempre adeguato. La presente informativa ha lo scopo di consentire agli utenti di conoscere, anche prima di accedere alle varie sezioni del sito e di conferire i propri dati, in che modo il Titolare del sito tratta i dati personali degli utenti e sar\u00e0 comunque necessario che l\u2019utente ne prenda visione prima che egli conferisca propri dati personali compilando gli appositi spazi nelle varie sezioni del sito, fornendo consenso al trattamento dei propri dati.<\/p>\n\n\n\n<p><strong>FINALIT\u00c0 DEL TRATTAMENTO<\/strong><\/p>\n\n\n\n<p>Secondo le esigenze di volta in volta manifestate dall\u2019utente che accede alle varie sezioni del sito, le finalit\u00e0 del trattamento dei dati personali conferiti direttamente dagli utenti mediante la compilazione dei moduli on-line potranno essere le seguenti:<\/p>\n\n\n\n<p>erogare il servizio richiesto, con tutti servizi connessi e associati a qualsiasi titolo;<\/p>\n\n\n\n<p>previo consenso dell\u2019utente e fino alla revoca dello stesso, effettuare attivit\u00e0 di marketing quali, (in via meramente esemplificativa ma non esaustiva) l&#8217;invio di materiale promozionale e pubblicitario, svolgimento di connesse analisi statistiche circa l&#8217;utilizzo da parte degli utenti di questo sito allo scopo di migliorare i servizi e prodotti offerti e l&#8217;esperienza di navigazione); ci\u00f2 potrebbe avvenire a mezzo di e-mail, fax, mms e sms, come detto previo specifico consenso e fino alla revoca dello stesso; inviare newsletter (email informative a carattere periodico e\/o occasionale) per ricevere aggiornamenti su tutte le novit\u00e0 del sito e tante altre notizie sui servizi offerti dal Titolare del sito e sulle eventuali promozioni in corso (sezione \u201cAbbonati alla newsletter\u201d del sito); rispondere alle richieste degli utenti in relazione a prodotti\/servizi offerti dal Titolare del sito.<\/p>\n\n\n\n<p><strong>MODALITA&#8217; E DURATA DEL TRATTAMENTO<\/strong><\/p>\n\n\n\n<p>I dati personali saranno trattati in forma prevalentemente automatizzata, con logiche strettamente correlate alle predette finalit\u00e0, dal personale e da collaboratori di AppartamentiPisa e dalle imprese espressamente nominate come Responsabili del Trattamento.<\/p>\n\n\n\n<p>Al di fuori di queste ipotesi i dati non saranno comunicati a terzi n\u00e9 diffusi, se non nei casi specificamente previsti dal diritto nazionale o dell&#8217;Unione europea. I dati verranno trattati per tutta la durata dei rapporti contrattuali instaurati e anche successivamente, per il tempo in cui il titolare sia soggetto a obblighi di conservazione per finalit\u00e0 giuridiche fiscali o per altre finalit\u00e0, previsti, da norme di legge e\/o regolamentari.<\/p>\n\n\n\n<p><strong>NATURA DEL CONFERIMENTO DEI DATI PERSONALI DEGLI UTENTI<\/strong><\/p>\n\n\n\n<p>Il conferimento &nbsp; dei dati personali \u00e8 facoltativo.&nbsp; Qualora&nbsp; esso&nbsp; si&nbsp; rendesse&nbsp; necessario, &nbsp; verr\u00e0&nbsp; richiesta all&#8217;utente una sua accettazione esplicita al trattamento dei dati. I dati personali trattati a seguito di approvazione esplicita da parte dell&#8217;utente, saranno solo ed esclusivamente quei dati che sono indispensabili all&#8217;erogazione del servizio richiesto dall&#8217;utente stesso al Titolare del sito.<\/p>\n\n\n\n<p>L&#8217;utente \u00e8 informato circa il fatto che l&#8217;eventuale mancato consenso al trattamento dei suoi dati personali pu\u00f2 rendere impossibile al Titolare del sito, l&#8217;erogazione del servizio richiesto.<\/p>\n\n\n\n<p>Si informa inoltre l&#8217;utente che il mancato, parziale o inesatto conferimento dei dati personali &nbsp; facoltativi, qualora venissero richiesti, non comporta per Lui alcuna conseguenza tranne l\u2019eventuale impossibilit\u00e0 circa l\u2019erogazione del servizio richiesto.<\/p>\n\n\n\n<p><strong>CATEGORIE DI DATI PERSONALI OGGETTO DEL TRATTAMENTO<\/strong><\/p>\n\n\n\n<p>I sistemi informatici e le procedure software preposte al funzionamento del sito stesso acquisiscono, oltre ai dati personali conferiti direttamente dagli utenti dietro Sua espressa accettazione, (quali nome, cognome, indirizzo postale, di posta elettronica, numero di contatto telefonico ecc.) in fase di connessione al sito, indirettamente alcuni dati personali la cui &nbsp; trasmissione &nbsp; \u00e8 implicita nell\u2019uso dei protocolli di comunicazione di Internet.<\/p>\n\n\n\n<p>Tali dati vengono trattati al solo fine di effettuare indagini statistiche anonime per migliorare l\u2019esperienza di navigazione del sito da parte dell\u2019Utente.<\/p>\n\n\n\n<p><strong>CATEGORIE DI SOGGETTI CHE POTRANNO VENIRE A CONOSCENZA DEI DATI PERSONALI DEGLI UTENTI<\/strong><\/p>\n\n\n\n<p>I dati personali potranno essere portati a conoscenza di dipendenti o collaboratori (per &#8220;collaboratori&#8221; si intendono qui anche le Aziende specializzate che collaborano con il Titolare del sito allo sviluppo commerciale della propria attivit\u00e0 (es. societ\u00e0 preposte all\u2019invio di newsletter) dell&#8217;Ufficio Marketing del Titolare (si noti che con la definizione Ufficio Marketing si vuole qui intendere non necessariamente un&#8217;unit\u00e0 produttiva definita specificatamente nell&#8217;organigramma Aziendale bens\u00ec la o le persone incaricate dal Titolare&nbsp; al&nbsp; trattamento&nbsp; dei&nbsp; dati&nbsp; di&nbsp; attendere&nbsp; alle&nbsp; attivit\u00e0&nbsp; di&nbsp; sviluppo&nbsp; commerciale&nbsp; e&nbsp; strategico&nbsp; proprie dell&#8217;attivit\u00e0 di marketing cos\u00ec come comunemente intesa) che, operando sotto la diretta autorit\u00e0 di quest\u2019ultimo, sono nominati responsabili o incaricati del trattamento ai sensi degli artt. 28 e 29 del Regolamento europeo e che riceveranno al riguardo adeguate istruzioni operative; lo stesso avverr\u00e0, a cura dei Responsabili nominati dal Titolare, nei confronti dei dipendenti o collaboratori dei Responsabili.<\/p>\n\n\n\n<p><strong>AMBITO DI COMUNICAZIONE O DIFFUSIONE DEI DATI PERSONALI DEGLI UTENTI<\/strong><\/p>\n\n\n\n<p>I dati personali forniti direttamente dagli utenti mediante la compilazione di eventuali moduli on-line non saranno mai e per nessuna ragione (salvo quelle previste da obblighi di Legge) comunicati a terzi o diffusi in assenza di un consenso espresso dell&#8217;utente.<\/p>\n\n\n\n<p><strong>TITOLARE E RESPONSABILE DEL TRATTAMENTO<\/strong><\/p>\n\n\n\n<p>Il Titolare al trattamento dei dati \u00e8: AppartamentiPisa<\/p>\n\n\n\n<p>L&#8217;utente pu\u00f2 contattare il Titolare al trattamento dei dati nelle seguenti modalit\u00e0: a mezzo email all&#8217;indirizzo: appartamentipisa@gmail.com. Mezzo posta all&#8217;indirizzo: Via Paolo VI 9, 56124 Pisa.<\/p>\n\n\n\n<p><strong>I DIRITTI DEGLI UTENTI<\/strong> (&#8220;Persone (o anche \u201csoggetti\u201d) Interessate\/i&#8221; &#8211; secondo definizione Reg. Eu. 679\/2016) Il&nbsp; Regolamento&nbsp; europeo&nbsp; riconosce&nbsp; il&nbsp; diritto&nbsp; dell&#8217;Interessato&nbsp; (la&nbsp; persona&nbsp; che&nbsp; conferisce&nbsp; i&nbsp; propri&nbsp; dati)&nbsp; di chiedere al Titolare del trattamento dei dati (qui sopra identificato), l&#8217;accesso ai propri dati personali e di ottenerne una copia.<\/p>\n\n\n\n<p>In particolare, ai sensi dell&#8217;art. 15 del Regolamento, ciascun interessato ha il diritto di ottenere dal Titolare del trattamento la conferma che sia o meno in corso un trattamento di dati personali che lo riguardano e, in tal caso, di ottenere l&#8217;accesso ai dati personali e ad una serie di altre informazioni, quali:<\/p>\n\n\n\n<ul class=\"wp-block-list\"><li>le finalit\u00e0 del trattamento;<\/li><li>le categorie di dati personali in questione;<\/li><li>i destinatari o le categorie di destinatari a cui i dati personali sono stati o saranno comunicati, in particolare se destinatari di paesi terzi o organizzazioni internazionali;<\/li><li>quando possibile, il periodo di conservazione dei dati personali previsto oppure, se non \u00e8 possibile, i criteri utilizzati per determinare tale periodo;<\/li><\/ul>\n\n\n\n<p>L&#8217;interessato ha anche il diritto di chiedere al titolare del trattamento la rettifica o la cancellazione dei propri dati personali, ai sensi degli articoli 16 e 17 del Regolamento, o la limitazione del trattamento dei dati personali che lo riguardano o di opporsi al loro trattamento ai sensi degli articoli 18 e 21.<\/p>\n\n\n\n<p>Il Regolamento prevede, all&#8217;art. 20, anche il diritto alla portabilit\u00e0 dei propri dati.<\/p>\n\n\n\n<p>Sono espressamente riconosciuti altres\u00ec tutti i diritti accordati dalla disciplina nazionale.<\/p>\n\n\n\n<p>Ogni interessato pu\u00f2 revocare il consenso al trattamento dei propri dati personali e proporre reclamo al Garante della Privacy, ai sensi della disciplina vigente.<\/p>\n\n\n\n<p><strong>MODALIT\u00c0 DI ESERCIZIO DEI DIRITTI DI CUI AGLI ARTICOLI DA 15 A 22 DEL REGOLAMENTO E PER CONOSCERE L\u2019ELENCO DEI RESPONSABILI DEL TRATTAMENTO<\/strong><\/p>\n\n\n\n<p>L\u2019Utente potr\u00e0, in qualunque momento, esercitare i diritti di cui agli articoli da 15 a 22 del Regolamento nonch\u00e9 conoscere l\u2019elenco completo dei Responsabili del Trattamento dei Dati facendone richiesta contattando il Titolare al Trattamento dei Dati nei modi qui sopra specificati.<\/p>\n\n\n\n<p>L\u2019Utente, inoltre, anche qualora vi abbia in precedenza consentito, potr\u00e0 opporsi al trattamento per le finalit\u00e0 di cui alla lettera b) (attivit\u00e0 di marketing) dandone semplice comunicazione al Titolare del Trattamento dei Dati.<\/p>\n\n\n\n<p>Le newsletter inviate all\u2019Utente, a seguito di una sua espressa antecedente approvazione, contengono sempre un \u201clink\u201d di disiscrizione che rende immediata la cancellazione dell\u2019indirizzo dell\u2019Utente dai destinatari delle comunicazione s\u00ec fatte.<\/p>\n\n\n\n<p>Annotazione: &#8220;link&#8221; \u00e8 il termine tecnico con il quale si definiscono i collegamenti ipertestuali presenti in un sito internet o in altri tipi di comunicazione elettronica. Normalmente tali collegamenti sono evidenziati da una sottolineatura o dal cambiamento in colore o in dimensioni del testo qualora l&#8217;utente vi sovrapponga il puntatore del mouse (normalmente una freccetta che muta in manina alla sovrapposizione del puntatore mouse su un &#8220;link&#8221;)<\/p>\n\n\n\n<p>Modalit\u00e0 di modifica del \u201cprofilo\u201d dell\u2019Utente.<\/p>\n\n\n\n<p>L\u2019utente potr\u00e0, in qualunque momento modificare i dati forniti o richiederne la cancellazione facendone espressa richiesta al Titolare del Trattamento dei Dati.<\/p>","protected":false},"excerpt":{"rendered":"<p>AppartamentiPisa soddisfa i requisiti stabiliti nella Legge 34\/2002 dell&#8217;11 luglio sui servizi della societ\u00e0 delle informazioni e il commercio elettronico e nel Regolamento (UE) 2016\/679 del Parlamento Europeo e del Consiglio del 27 aprile 2016, relativo alla protezione delle persone fisiche con riguardo al trattamento dei dati personali, nonch\u00e9 alla libera circolazione di tali dati, [&hellip;]<\/p>\n","protected":false},"author":1,"featured_media":0,"parent":0,"menu_order":0,"comment_status":"closed","ping_status":"open","template":"","meta":{"ocean_post_layout":"","ocean_both_sidebars_style":"","ocean_both_sidebars_content_width":0,"ocean_both_sidebars_sidebars_width":0,"ocean_sidebar":"0","ocean_second_sidebar":"0","ocean_disable_margins":"enable","ocean_add_body_class":"","ocean_shortcode_before_top_bar":"","ocean_shortcode_after_top_bar":"","ocean_shortcode_before_header":"","ocean_shortcode_after_header":"","ocean_has_shortcode":"","ocean_shortcode_after_title":"","ocean_shortcode_before_footer_widgets":"","ocean_shortcode_after_footer_widgets":"","ocean_shortcode_before_footer_bottom":"","ocean_shortcode_after_footer_bottom":"","ocean_display_top_bar":"default","ocean_display_header":"default","ocean_header_style":"minimal","ocean_center_header_left_menu":"0","ocean_custom_header_template":"0","ocean_custom_logo":0,"ocean_custom_retina_logo":0,"ocean_custom_logo_max_width":0,"ocean_custom_logo_tablet_max_width":0,"ocean_custom_logo_mobile_max_width":0,"ocean_custom_logo_max_height":0,"ocean_custom_logo_tablet_max_height":0,"ocean_custom_logo_mobile_max_height":0,"ocean_header_custom_menu":"0","ocean_menu_typo_font_family":"0","ocean_menu_typo_font_subset":"","ocean_menu_typo_font_size":0,"ocean_menu_typo_font_size_tablet":0,"ocean_menu_typo_font_size_mobile":0,"ocean_menu_typo_font_size_unit":"px","ocean_menu_typo_font_weight":"","ocean_menu_typo_font_weight_tablet":"","ocean_menu_typo_font_weight_mobile":"","ocean_menu_typo_transform":"","ocean_menu_typo_transform_tablet":"","ocean_menu_typo_transform_mobile":"","ocean_menu_typo_line_height":0,"ocean_menu_typo_line_height_tablet":0,"ocean_menu_typo_line_height_mobile":0,"ocean_menu_typo_line_height_unit":"","ocean_menu_typo_spacing":0,"ocean_menu_typo_spacing_tablet":0,"ocean_menu_typo_spacing_mobile":0,"ocean_menu_typo_spacing_unit":"","ocean_menu_link_color":"","ocean_menu_link_color_hover":"","ocean_menu_link_color_active":"","ocean_menu_link_background":"","ocean_menu_link_hover_background":"","ocean_menu_link_active_background":"","ocean_menu_social_links_bg":"","ocean_menu_social_hover_links_bg":"","ocean_menu_social_links_color":"","ocean_menu_social_hover_links_color":"","ocean_disable_title":"default","ocean_disable_heading":"default","ocean_post_title":"","ocean_post_subheading":"","ocean_post_title_style":"","ocean_post_title_background_color":"","ocean_post_title_background":0,"ocean_post_title_bg_image_position":"","ocean_post_title_bg_image_attachment":"","ocean_post_title_bg_image_repeat":"","ocean_post_title_bg_image_size":"","ocean_post_title_height":0,"ocean_post_title_bg_overlay":0.5,"ocean_post_title_bg_overlay_color":"","ocean_disable_breadcrumbs":"default","ocean_breadcrumbs_color":"","ocean_breadcrumbs_separator_color":"","ocean_breadcrumbs_links_color":"","ocean_breadcrumbs_links_hover_color":"","ocean_display_footer_widgets":"default","ocean_display_footer_bottom":"default","ocean_custom_footer_template":"0","footnotes":""},"class_list":["post-3","page","type-page","status-publish","hentry","entry"],"yoast_head":"<!-- This site is optimized with the Yoast SEO plugin v27.4 - https:\/\/yoast.com\/product\/yoast-seo-wordpress\/ -->\n<title>Privacy Policy - appartamentipisa.com<\/title>\n<meta name=\"robots\" content=\"index, follow, max-snippet:-1, max-image-preview:large, max-video-preview:-1\" \/>\n<link rel=\"canonical\" href=\"https:\/\/appartamentipisa.com\/en\/privacy-policy\/\" \/>\n<meta property=\"og:locale\" content=\"en_GB\" \/>\n<meta property=\"og:type\" content=\"article\" \/>\n<meta property=\"og:title\" content=\"Privacy Policy - appartamentipisa.com\" \/>\n<meta property=\"og:description\" content=\"AppartamentiPisa soddisfa i requisiti stabiliti nella Legge 34\/2002 dell&#8217;11 luglio sui servizi della societ\u00e0 delle informazioni e il commercio elettronico e nel Regolamento (UE) 2016\/679 del Parlamento Europeo e del Consiglio del 27 aprile 2016, relativo alla protezione delle persone fisiche con riguardo al trattamento dei dati personali, nonch\u00e9 alla libera circolazione di tali dati, [&hellip;]\" \/>\n<meta property=\"og:url\" content=\"https:\/\/appartamentipisa.com\/en\/privacy-policy\/\" \/>\n<meta property=\"og:site_name\" content=\"appartamentipisa.com\" \/>\n<meta property=\"article:modified_time\" content=\"2022-05-31T17:53:33+00:00\" \/>\n<meta name=\"twitter:card\" content=\"summary_large_image\" \/>\n<meta name=\"twitter:label1\" content=\"Estimated reading time\" \/>\n\t<meta name=\"twitter:data1\" content=\"9 minutes\" \/>\n<script type=\"application\/ld+json\" class=\"yoast-schema-graph\">{\"@context\":\"https:\\\/\\\/schema.org\",\"@graph\":[{\"@type\":\"WebPage\",\"@id\":\"https:\\\/\\\/appartamentipisa.com\\\/privacy-policy\",\"url\":\"https:\\\/\\\/appartamentipisa.com\\\/privacy-policy\",\"name\":\"Privacy Policy - appartamentipisa.com\",\"isPartOf\":{\"@id\":\"https:\\\/\\\/appartamentipisa.com\\\/#website\"},\"datePublished\":\"2021-04-08T16:21:44+00:00\",\"dateModified\":\"2022-05-31T17:53:33+00:00\",\"breadcrumb\":{\"@id\":\"https:\\\/\\\/appartamentipisa.com\\\/privacy-policy#breadcrumb\"},\"inLanguage\":\"en-GB\",\"potentialAction\":[{\"@type\":\"ReadAction\",\"target\":[\"https:\\\/\\\/appartamentipisa.com\\\/privacy-policy\"]}]},{\"@type\":\"BreadcrumbList\",\"@id\":\"https:\\\/\\\/appartamentipisa.com\\\/privacy-policy#breadcrumb\",\"itemListElement\":[{\"@type\":\"ListItem\",\"position\":1,\"name\":\"Home\",\"item\":\"https:\\\/\\\/appartamentipisa.com\\\/\"},{\"@type\":\"ListItem\",\"position\":2,\"name\":\"Privacy Policy\"}]},{\"@type\":\"WebSite\",\"@id\":\"https:\\\/\\\/appartamentipisa.com\\\/#website\",\"url\":\"https:\\\/\\\/appartamentipisa.com\\\/\",\"name\":\"appartamentipisa.com\",\"description\":\"Appartamenti turistici e case vacanze. Alloggi brevi a Pisa Cisanello e Tirrenia. Un posto ideale dove soggiornare in Toscana!\",\"publisher\":{\"@id\":\"https:\\\/\\\/appartamentipisa.com\\\/#organization\"},\"potentialAction\":[{\"@type\":\"SearchAction\",\"target\":{\"@type\":\"EntryPoint\",\"urlTemplate\":\"https:\\\/\\\/appartamentipisa.com\\\/?s={search_term_string}\"},\"query-input\":{\"@type\":\"PropertyValueSpecification\",\"valueRequired\":true,\"valueName\":\"search_term_string\"}}],\"inLanguage\":\"en-GB\"},{\"@type\":\"Organization\",\"@id\":\"https:\\\/\\\/appartamentipisa.com\\\/#organization\",\"name\":\"AppartamentiPisa\",\"url\":\"https:\\\/\\\/appartamentipisa.com\\\/\",\"logo\":{\"@type\":\"ImageObject\",\"inLanguage\":\"en-GB\",\"@id\":\"https:\\\/\\\/appartamentipisa.com\\\/#\\\/schema\\\/logo\\\/image\\\/\",\"url\":\"https:\\\/\\\/appartamentipisa.com\\\/wp-content\\\/uploads\\\/2021\\\/04\\\/Logo-Blanc--e1618939537852.png\",\"contentUrl\":\"https:\\\/\\\/appartamentipisa.com\\\/wp-content\\\/uploads\\\/2021\\\/04\\\/Logo-Blanc--e1618939537852.png\",\"width\":1080,\"height\":1420,\"caption\":\"AppartamentiPisa\"},\"image\":{\"@id\":\"https:\\\/\\\/appartamentipisa.com\\\/#\\\/schema\\\/logo\\\/image\\\/\"}}]}<\/script>\n<!-- \/ Yoast SEO plugin. -->","yoast_head_json":{"title":"Privacy Policy - appartamentipisa.com","robots":{"index":"index","follow":"follow","max-snippet":"max-snippet:-1","max-image-preview":"max-image-preview:large","max-video-preview":"max-video-preview:-1"},"canonical":"https:\/\/appartamentipisa.com\/en\/privacy-policy\/","og_locale":"en_GB","og_type":"article","og_title":"Privacy Policy - appartamentipisa.com","og_description":"AppartamentiPisa soddisfa i requisiti stabiliti nella Legge 34\/2002 dell&#8217;11 luglio sui servizi della societ\u00e0 delle informazioni e il commercio elettronico e nel Regolamento (UE) 2016\/679 del Parlamento Europeo e del Consiglio del 27 aprile 2016, relativo alla protezione delle persone fisiche con riguardo al trattamento dei dati personali, nonch\u00e9 alla libera circolazione di tali dati, [&hellip;]","og_url":"https:\/\/appartamentipisa.com\/en\/privacy-policy\/","og_site_name":"appartamentipisa.com","article_modified_time":"2022-05-31T17:53:33+00:00","twitter_card":"summary_large_image","twitter_misc":{"Estimated reading time":"9 minutes"},"schema":{"@context":"https:\/\/schema.org","@graph":[{"@type":"WebPage","@id":"https:\/\/appartamentipisa.com\/privacy-policy","url":"https:\/\/appartamentipisa.com\/privacy-policy","name":"Privacy Policy - appartamentipisa.com","isPartOf":{"@id":"https:\/\/appartamentipisa.com\/#website"},"datePublished":"2021-04-08T16:21:44+00:00","dateModified":"2022-05-31T17:53:33+00:00","breadcrumb":{"@id":"https:\/\/appartamentipisa.com\/privacy-policy#breadcrumb"},"inLanguage":"en-GB","potentialAction":[{"@type":"ReadAction","target":["https:\/\/appartamentipisa.com\/privacy-policy"]}]},{"@type":"BreadcrumbList","@id":"https:\/\/appartamentipisa.com\/privacy-policy#breadcrumb","itemListElement":[{"@type":"ListItem","position":1,"name":"Home","item":"https:\/\/appartamentipisa.com\/"},{"@type":"ListItem","position":2,"name":"Privacy Policy"}]},{"@type":"WebSite","@id":"https:\/\/appartamentipisa.com\/#website","url":"https:\/\/appartamentipisa.com\/","name":"appartamentipisa.com","description":"Appartamenti turistici e case vacanze. Alloggi brevi a Pisa Cisanello e Tirrenia. Un posto ideale dove soggiornare in Toscana!","publisher":{"@id":"https:\/\/appartamentipisa.com\/#organization"},"potentialAction":[{"@type":"SearchAction","target":{"@type":"EntryPoint","urlTemplate":"https:\/\/appartamentipisa.com\/?s={search_term_string}"},"query-input":{"@type":"PropertyValueSpecification","valueRequired":true,"valueName":"search_term_string"}}],"inLanguage":"en-GB"},{"@type":"Organization","@id":"https:\/\/appartamentipisa.com\/#organization","name":"AppartamentiPisa","url":"https:\/\/appartamentipisa.com\/","logo":{"@type":"ImageObject","inLanguage":"en-GB","@id":"https:\/\/appartamentipisa.com\/#\/schema\/logo\/image\/","url":"https:\/\/appartamentipisa.com\/wp-content\/uploads\/2021\/04\/Logo-Blanc--e1618939537852.png","contentUrl":"https:\/\/appartamentipisa.com\/wp-content\/uploads\/2021\/04\/Logo-Blanc--e1618939537852.png","width":1080,"height":1420,"caption":"AppartamentiPisa"},"image":{"@id":"https:\/\/appartamentipisa.com\/#\/schema\/logo\/image\/"}}]}},"_links":{"self":[{"href":"https:\/\/appartamentipisa.com\/en\/wp-json\/wp\/v2\/pages\/3","targetHints":{"allow":["GET"]}}],"collection":[{"href":"https:\/\/appartamentipisa.com\/en\/wp-json\/wp\/v2\/pages"}],"about":[{"href":"https:\/\/appartamentipisa.com\/en\/wp-json\/wp\/v2\/types\/page"}],"author":[{"embeddable":true,"href":"https:\/\/appartamentipisa.com\/en\/wp-json\/wp\/v2\/users\/1"}],"replies":[{"embeddable":true,"href":"https:\/\/appartamentipisa.com\/en\/wp-json\/wp\/v2\/comments?post=3"}],"version-history":[{"count":2,"href":"https:\/\/appartamentipisa.com\/en\/wp-json\/wp\/v2\/pages\/3\/revisions"}],"predecessor-version":[{"id":2141,"href":"https:\/\/appartamentipisa.com\/en\/wp-json\/wp\/v2\/pages\/3\/revisions\/2141"}],"wp:attachment":[{"href":"https:\/\/appartamentipisa.com\/en\/wp-json\/wp\/v2\/media?parent=3"}],"curies":[{"name":"wp","href":"https:\/\/api.w.org\/{rel}","templated":true}]}}